{"id":249,"date":"2022-08-22T14:46:05","date_gmt":"2022-08-22T12:46:05","guid":{"rendered":"https:\/\/www.sofforsangar.se\/?post_type=product&#038;p=249"},"modified":"2025-05-21T23:29:40","modified_gmt":"2025-05-21T21:29:40","slug":"andango-divansoffa","status":"publish","type":"product","link":"https:\/\/www.sofforsangar.se\/dk\/vare\/andango-divansoffa\/","title":{"rendered":"Andango Family"},"content":{"rendered":"<p>Andango Divansoffa \u00e4r en rymlig sammetssoffa med ett djupare sittdjup. Supersk\u00f6n med utm\u00e4rkande extra mjuka\u00a0och bekv\u00e4ma dynor. Andango finns \u00e4ven i andra modeller s\u00e5v\u00e4l som\u00a0separata byggbara moduler. Passa p\u00e5 att byt ut din gamla soffa. F\u00f6r att du \u00e4r v\u00e4rd det!<\/p>\n<p>Leveranstid: 8-10 veckor.<\/p>\n<p><strong>M\u00e5tt\/Vikt<br \/>\n<\/strong>Bredd 308 cm<br \/>\nDjup 107 cm<br \/>\nDjup divan 163 cm<br \/>\nH\u00f6jd 95 cm<br \/>\nSitth\u00f6jd 40 cm<br \/>\nSittdjup 65 cm<br \/>\nBenh\u00f6jd 13 cm (metallben)<br \/>\nM\u00e5tten kan variera +- 3 cm beroende p\u00e5 kombination och kl\u00e4dselmaterial.<br \/>\nVikt 132 kg inkl emballage<\/p>\n<p><strong>Tyg\/F\u00e4r<\/strong><strong>g<\/strong><br \/>\nJuke Grey Soot black. Kvalitet 100% polyester. Martindale 100,000.\u00a0Pilling 5.\u00a0Ljus\u00e4kthet 4-5. Tv\u00e4ttr\u00e5d\u00a0Kemtv\u00e4tt.<\/p>\n<p>Andango finns som best\u00e4llningsvara i andra tyger &amp; f\u00e4rger samt \u00e4ven i skinn\/l\u00e4der.<\/p>\n<p><strong>Produktfakta<\/strong><br \/>\n&#8211;\u00a0 Andango \u00e4r tillverkad av Bellus.<br \/>\n&#8211;\u00a0 Sitsar: pocketfj\u00e4drar,\u00a0Cloud-plus-system &#8211; 5 \u00e5rs garanti avs fj\u00e4derbrott, HR skum 35 kg, memoryskum, polyesterfiber. Avtagbar tv\u00e4ttbar kl\u00e4dsel.<br \/>\n&#8211;\u00a0 Ryggdynor: silikoniserad fibervadd. Avtagbar tv\u00e4ttbar kl\u00e4dsel.<br \/>\n&#8211;\u00a0 Dekorkuddar: ing\u00e5r 2 st dekorkuddar till Andango U-soffa i samma tyg\/f\u00e4rg som \u00f6vriga soffan.\u00a0HR skum\u00a035 kg, polyesterfiber. Avtagbar tv\u00e4ttbar kl\u00e4dsel.<br \/>\n&#8211;\u00a0 Ram: nozagfj\u00e4drar, plywood, massivt tr\u00e4.<br \/>\n&#8211;\u00a0 Ben: som standard i 12 cm h\u00f6ga rundformade tr\u00e4ben i svart, m\u00f6rkbrun, valn\u00f6t, ek, bok eller vit. Valbara tr\u00e4ben som till\u00e4gg i h\u00f6jd 5 cm eller 8 cm finns i svart, m\u00f6rkbrun, valn\u00f6t, ek, bok eller vit. Finns \u00e4ven metallben, rostfri st\u00e5l, i h\u00f6jd 5, 8 eller 13 cm. Sist finns \u00e4ven metallben 13 cm h\u00f6ga i f\u00e4rgen matt svart.<\/p>\n<p><var class=\"placeholder image\" data-placeholder=\"[[img@id=;2954;@resolution=;tiny;]]\" data-edit-title=\"Redigera\"><img decoding=\"async\" class=\"\" src=\"https:\/\/cdn.starwebserver.se\/shops\/lasoffor\/files\/cache\/cloud-system-logga_tiny.jpg?_=1613393581\" alt=\"\" width=\"300\" height=\"128\" data-placeholder=\"[[img@id=;2954;@resolution=;tiny;]]\" \/><\/var>\u200b<\/p>\n<p><strong>Tips!\u00a0<\/strong><br \/>\nAndango divansoffa kommer i 2 st kolli. De tv\u00e5 delarna monteras l\u00e4tt ihop utan verktyg. Benen skruvas p\u00e5 varp\u00e5 skruvdragare kan beh\u00f6vas beroende p\u00e5 val av ben.<\/p>\n<p>Vi rekommenderar att k\u00f6pa till <a href=\"https:\/\/sofforsangar.se\/produkt\/textilvard-textile-clean-protect\/\">textilskyddsmedel<\/a>\u00a0eller\u00a0<a href=\"https:\/\/sofforsangar.se\/produkt\/skinnvard-leather-clean-protect\/\">skinnv\u00e5rd<\/a>\u00a0som skyddar, v\u00e5rdar och bevarar textilierna eller skinnet.<\/p>\n<h3>Intresserad av annan modell?<\/h3>\n<p>I v\u00e5r butik i Malm\u00f6 har vi m\u00e4ngder av valm\u00f6jligheter. M\u00e5nga produkter g\u00e5r att f\u00e5 i olika modeller, med olika tyger och ben. F\u00f6r intresse om annan modell, f\u00e4rger och utf\u00f6rande, var god maila info@sofforsangar.se eller ring oss tel. 040-13 99 11.<\/p>\n","protected":false},"excerpt":{"rendered":"<p>Andango Divansoffa \u00e4r en rymlig sammetssoffa med ett djupare sittdjup. Supersk\u00f6n med utm\u00e4rkande extra mjuka\u00a0och bekv\u00e4ma dynor. Andango finns \u00e4ven i andra modeller s\u00e5v\u00e4l som\u00a0separata byggbara moduler. Passa p\u00e5 att byt ut din gamla soffa. F\u00f6r att du \u00e4r v\u00e4rd det! Leveranstid: 8-10 veckor. M\u00e5tt\/Vikt Bredd 308 cm Djup 107 cm Djup divan 163 cm [&hellip;]<\/p>\n","protected":false},"featured_media":252,"comment_status":"open","ping_status":"closed","template":"","meta":{"_acf_changed":false},"product_brand":[],"product_cat":[35,33,34],"product_tag":[],"class_list":{"0":"post-249","1":"product","2":"type-product","3":"status-publish","4":"has-post-thumbnail","6":"product_cat-divan-schaslongsoffa","7":"product_cat-sammetssoffa","8":"product_cat-huvudkategori-soffor","9":"product_shipping_class-stora-mobler","11":"first","12":"onbackorder","13":"taxable","14":"shipping-taxable","15":"purchasable","16":"product-type-variable","17":"has-default-attributes"},"acf":[],"_links":{"self":[{"href":"https:\/\/www.sofforsangar.se\/dk\/wp-json\/wp\/v2\/product\/249","targetHints":{"allow":["GET"]}}],"collection":[{"href":"https:\/\/www.sofforsangar.se\/dk\/wp-json\/wp\/v2\/product"}],"about":[{"href":"https:\/\/www.sofforsangar.se\/dk\/wp-json\/wp\/v2\/types\/product"}],"replies":[{"embeddable":true,"href":"https:\/\/www.sofforsangar.se\/dk\/wp-json\/wp\/v2\/comments?post=249"}],"wp:featuredmedia":[{"embeddable":true,"href":"https:\/\/www.sofforsangar.se\/dk\/wp-json\/wp\/v2\/media\/252"}],"wp:attachment":[{"href":"https:\/\/www.sofforsangar.se\/dk\/wp-json\/wp\/v2\/media?parent=249"}],"wp:term":[{"taxonomy":"product_brand","embeddable":true,"href":"https:\/\/www.sofforsangar.se\/dk\/wp-json\/wp\/v2\/product_brand?post=249"},{"taxonomy":"product_cat","embeddable":true,"href":"https:\/\/www.sofforsangar.se\/dk\/wp-json\/wp\/v2\/product_cat?post=249"},{"taxonomy":"product_tag","embeddable":true,"href":"https:\/\/www.sofforsangar.se\/dk\/wp-json\/wp\/v2\/product_tag?post=249"}],"curies":[{"name":"wp","href":"https:\/\/api.w.org\/{rel}","templated":true}]}}