{"id":241,"date":"2022-08-22T12:28:38","date_gmt":"2022-08-22T10:28:38","guid":{"rendered":"https:\/\/www.sofforsangar.se\/?post_type=product&#038;p=241"},"modified":"2024-11-11T15:11:01","modified_gmt":"2024-11-11T13:11:01","slug":"atlanta-2-sitssoffa","status":"publish","type":"product","link":"https:\/\/www.sofforsangar.se\/dk\/vare\/atlanta-2-sitssoffa\/","title":{"rendered":"Atlanta 2 peroners sofa"},"content":{"rendered":"<p>Atlanta er en sofa, der udstr\u00e5ler volumen, sofaen er sk\u00f8n og g\u00f8r sig helt fantastisk i l\u00e6kker bl\u00f8d velour. Der er mulighed for at v\u00e6lge blandt 2 ryghynder. Cozy er l\u00f8se ryghynder som giver et lidt lazy look.\nEller Design som giver et mere stilrent look.\nDer findes mange forskellige kombinationer.<\/p>\n<p>Lagervare<\/p>\n<p><strong>M\u00e5l<br \/>\n<\/strong>B: 202 cm<br \/>\nD: 97 cm<br \/>\nH: 88 cm<br \/>\nSide h\u00f8jde: 50 cm<br \/>\nSide dybde: 57 cm<br \/>\nBen: 8 cm<br \/>\nM\u00e5lene kan variere op til 3 cm<\/p>\n<p><strong>Materiale og farve:<\/strong><strong>:<\/strong><br \/>\nLysegr\u00e5 velour\nMartindale: 100 000\nPilling: 5\nVi anbefaler kemisk rensning<\/p>\n<p><strong>Lidt fakta:<\/strong><br \/>\nSide hynderner er i koldskum, og aftagbart betr\u00e6k.<br \/>\nRyghynderne er fiberfill.<br \/>\nNitter: Sofaen kan f\u00e5es med nitter i messing, s\u00f8lv eller helt uden.<br \/>\nRammen: Tr\u00e6, sp\u00e5nplade.<br \/>\nBen: M\u00f8rkt tr\u00e6 eller Eg.<br \/>\nSofaen kommer i 1 kolli og benene skrues p\u00e5 uden brug af v\u00e6rkt\u00f8j.<\/p>\n<h3><strong>Tips<\/strong><\/h3>\n<p>Vi anbefaler at tilk\u00f8be vores plejeserie.\u00a0<a href=\"https:\/\/www.sofforsangar.se\/dk\/vare\/textilvard-textile-clean-protect\/\">Plejeserie<\/a>\u00a0for en l\u00e6nger levetid.<\/p>\n<h3>Fandt du ikke lige det du s\u00f8gte.<\/h3>\n<p>Vores butik i centrale Malm\u00f8, byder p\u00e5 masser af inspiration. Her har vi 1000 kvm med sk\u00f8nne m\u00f8bler. Ring eller mail s\u00e5 hj\u00e6lper vi dig.\n0046 40 13 99 11.<\/p>","protected":false},"excerpt":{"rendered":"<p>Atlanta \u00e4r soffan som familjen och v\u00e4nnerna kommer samlas kring varp\u00e5 den kommer utg\u00f6ra medelpunkten i ditt hem. Soffan \u00e4r mjuk i stilen och inbjudande med sk\u00f6na ryggdynor som kan regleras efter tycke och smak. Atlanta finns i flertalet olika modeller varp\u00e5 man kan kombinera ihop sin soffgrupp efter behov. I denna helt underbara soffa [&hellip;]<\/p>\n","protected":false},"featured_media":242,"comment_status":"open","ping_status":"closed","template":"","meta":{"_acf_changed":false},"product_brand":[],"product_cat":[31,33,34],"product_tag":[],"class_list":{"0":"post-241","1":"product","2":"type-product","3":"status-publish","4":"has-post-thumbnail","6":"product_cat-2-4-sitssoffa","7":"product_cat-sammetssoffa","8":"product_cat-huvudkategori-soffor","9":"product_shipping_class-stora-mobler","11":"first","12":"instock","13":"taxable","14":"shipping-taxable","15":"purchasable","16":"product-type-simple"},"acf":[],"_links":{"self":[{"href":"https:\/\/www.sofforsangar.se\/dk\/wp-json\/wp\/v2\/product\/241","targetHints":{"allow":["GET"]}}],"collection":[{"href":"https:\/\/www.sofforsangar.se\/dk\/wp-json\/wp\/v2\/product"}],"about":[{"href":"https:\/\/www.sofforsangar.se\/dk\/wp-json\/wp\/v2\/types\/product"}],"replies":[{"embeddable":true,"href":"https:\/\/www.sofforsangar.se\/dk\/wp-json\/wp\/v2\/comments?post=241"}],"wp:featuredmedia":[{"embeddable":true,"href":"https:\/\/www.sofforsangar.se\/dk\/wp-json\/wp\/v2\/media\/242"}],"wp:attachment":[{"href":"https:\/\/www.sofforsangar.se\/dk\/wp-json\/wp\/v2\/media?parent=241"}],"wp:term":[{"taxonomy":"product_brand","embeddable":true,"href":"https:\/\/www.sofforsangar.se\/dk\/wp-json\/wp\/v2\/product_brand?post=241"},{"taxonomy":"product_cat","embeddable":true,"href":"https:\/\/www.sofforsangar.se\/dk\/wp-json\/wp\/v2\/product_cat?post=241"},{"taxonomy":"product_tag","embeddable":true,"href":"https:\/\/www.sofforsangar.se\/dk\/wp-json\/wp\/v2\/product_tag?post=241"}],"curies":[{"name":"wp","href":"https:\/\/api.w.org\/{rel}","templated":true}]}}