{"id":1716,"date":"2023-03-22T18:23:52","date_gmt":"2023-03-22T16:23:52","guid":{"rendered":"https:\/\/www.sofforsangar.se\/?post_type=product&#038;p=1716"},"modified":"2024-06-02T19:07:32","modified_gmt":"2024-06-02T17:07:32","slug":"grande-3-sits-divansoffa","status":"publish","type":"product","link":"https:\/\/www.sofforsangar.se\/dk\/vare\/grande-3-sits-divansoffa\/","title":{"rendered":"Grande 3 personers med chaiselong."},"content":{"rendered":"<h2>GRANDE- den har alt.<\/h2>\n<p>Vores popul\u00e6re er super sk\u00f8n, dejlig faste side og ryg hynder.\nDu kan v\u00e6lge mellem et helt spektra af farver og materialer.\nSofaen er tidsl\u00f8st i sit design.<\/p>\n<h3>Specifikationer f\u00f6r soffan Grande<\/h3>\n<h4>M\u00e5l\/v\u00e6gt<\/h4>\n<p>L: 316 cm<br \/>\nD: 95 cm<br \/>\nH: 88 cm<br \/>\nChaiselong: 155 cm<br \/>\nSide h\u00f8jde: 47 cm<br \/>\nSide dybde: 65 cm<br \/>\nBen: 3,5 cm<br \/>\nM\u00e5lene kan variere op til 3 cm<\/p>\n<h4>Stoffer og farver<\/h4>\n<p>Alpine natur 01  Martindale: 80.000   Maskinvaskes ved 30 grader.<\/p>\n<p>Grande sofa serien findes i et v\u00e6lg af farver og materialer.<\/p>\n<h4>Lidt fakta:<\/h4>\n<p>Sidehynderne er i en HR skum af h\u00f8j kvalitet, d\u00e6kket med en bl\u00f8dere skum.\n\n5 \u00e5rs garanti p\u00e5 s\u00e6de hynderne.\nAvtagligt betr\u00e6k.<br \/>\nRyghynder i fiber, og revet koldskum.<br \/>\nRammen p\u00e5 sofaen er massiv tr\u00e6, og Nozag fjeder.<br \/>\nBen i massivt tr\u00e6 3,5 cm sorte.<\/p>\n<h4>Vedligeholdelses r\u00e5d<\/h4>\n<p>Kommer i 2 kolli, og klikkes let sammen uden brug af v\u00e6rkt\u00f8j.<\/p>\n<p>Vi anbefaler at tilk\u00f8be vores plejeserie. <a href=\"https:\/\/www.sofforsangar.se\/dk\/vare\/textilvard-textile-clean-protect\/\">Plejeserie<\/a> for en l\u00e6nger levetid.<\/p>\n<h2>Fandt du ikke lige det du s\u00f8gte.<\/h2>\n<p>Vores butik i centrale Malm\u00f8, byder p\u00e5 masser af inspiration. Her har vi 1000 kvm med sk\u00f8nne m\u00f8bler. Ring eller mail s\u00e5 hj\u00e6lper vi dig.\n0046 40 13 99 11.<\/p>","protected":false},"excerpt":{"rendered":"<p>Denne store popul\u00e6re sofa, har h\u00f8j ryg og dybe sidehynder. Passer perfekt til hele familiens behov.<\/p>","protected":false},"featured_media":1761,"comment_status":"open","ping_status":"closed","template":"","meta":{"_acf_changed":false},"product_brand":[],"product_cat":[35,32,34],"product_tag":[],"class_list":{"0":"post-1716","1":"product","2":"type-product","3":"status-publish","4":"has-post-thumbnail","6":"product_cat-divan-schaslongsoffa","7":"product_cat-djup-soffa","8":"product_cat-huvudkategori-soffor","9":"product_shipping_class-stora-mobler","11":"first","12":"onbackorder","13":"taxable","14":"shipping-taxable","15":"purchasable","16":"product-type-variable","17":"has-default-attributes"},"acf":[],"_links":{"self":[{"href":"https:\/\/www.sofforsangar.se\/dk\/wp-json\/wp\/v2\/product\/1716","targetHints":{"allow":["GET"]}}],"collection":[{"href":"https:\/\/www.sofforsangar.se\/dk\/wp-json\/wp\/v2\/product"}],"about":[{"href":"https:\/\/www.sofforsangar.se\/dk\/wp-json\/wp\/v2\/types\/product"}],"replies":[{"embeddable":true,"href":"https:\/\/www.sofforsangar.se\/dk\/wp-json\/wp\/v2\/comments?post=1716"}],"wp:featuredmedia":[{"embeddable":true,"href":"https:\/\/www.sofforsangar.se\/dk\/wp-json\/wp\/v2\/media\/1761"}],"wp:attachment":[{"href":"https:\/\/www.sofforsangar.se\/dk\/wp-json\/wp\/v2\/media?parent=1716"}],"wp:term":[{"taxonomy":"product_brand","embeddable":true,"href":"https:\/\/www.sofforsangar.se\/dk\/wp-json\/wp\/v2\/product_brand?post=1716"},{"taxonomy":"product_cat","embeddable":true,"href":"https:\/\/www.sofforsangar.se\/dk\/wp-json\/wp\/v2\/product_cat?post=1716"},{"taxonomy":"product_tag","embeddable":true,"href":"https:\/\/www.sofforsangar.se\/dk\/wp-json\/wp\/v2\/product_tag?post=1716"}],"curies":[{"name":"wp","href":"https:\/\/api.w.org\/{rel}","templated":true}]}}