{"id":1289,"date":"2023-02-24T18:02:54","date_gmt":"2023-02-24T16:02:54","guid":{"rendered":"https:\/\/www.sofforsangar.se\/?post_type=product&#038;p=1289"},"modified":"2025-04-30T00:05:30","modified_gmt":"2025-04-29T22:05:30","slug":"euforia-fatolj","status":"publish","type":"product","link":"https:\/\/www.sofforsangar.se\/dk\/vare\/euforia-fatolj\/","title":{"rendered":"Euforia Lounge"},"content":{"rendered":"<div class=\"elementor-element elementor-element-2d618048 elementor-widget elementor-widget-woocommerce-product-title elementor-page-title elementor-widget-heading\" data-id=\"2d618048\" data-element_type=\"widget\" data-widget_type=\"woocommerce-product-title.default\">\n<div class=\"elementor-widget-container\">\n<h2>Euforia stol-Meget komfort i et lille format.<\/h2>\n<p>Euforia lounge stol , passer fantastisk til resten af Euforia sofa serien. En stol som kan f\u00e5es i et v\u00e6ld af farver, og flere findes sikkert p\u00e5 lager.\nEt must i ethvert hjem.<\/p>\n<\/div>\n<\/div>\n<div class=\"elementor-element elementor-element-7e329e03 elementor-widget elementor-widget-woocommerce-product-content\" data-id=\"7e329e03\" data-element_type=\"widget\" data-widget_type=\"woocommerce-product-content.default\">\n<p>Leveringstid: Bestillingsvare 6-8 uger<\/p>\n<h3>Specifikationer for Euforia.<\/h3>\n<h4>M\u00e5l<\/h4>\n<p>B: 80 cm<br \/>\nD:120 cm<br \/>\nH:81 cm<br \/>\nSide h\u00f8jde: 50 cm<br \/>\nSide dybde: 75 cm<\/p>\n<p>M\u00e5lene kan variere op til 3 cm<\/p>\n<h4>Stoffer og farver<\/h4>\n<p>Euforia loveseat kan bestilles i mange andre farver og materialer.<\/p>\n<h4>Lidt fakta:<\/h4>\n<p>-Euforia er produceret i EU.<br \/>\nAftageligt betr\u00e6k p\u00e5 s\u00e6de og ryghynder.<br \/>\n- Ben 12 cm, sorte.<br \/>\n1 pyntepude for \u00f8get sidekomfort.<\/p>\n<h4>Vedligeholdelses r\u00e5d<\/h4>\n<p>Vi anbefaler at tilk\u00f8be vores plejeserie.\u00a0<a href=\"https:\/\/www.sofforsangar.se\/dk\/vare\/textilvard-textile-clean-protect\/\">Plejeserie<\/a>\u00a0for en l\u00e6nger levetid.<\/p>\n<h2>Fandt du ikke lige det du s\u00f8gte.<\/h2>\n<p>Vores butik i centrale Malm\u00f8, byder p\u00e5 masser af inspiration. Her har vi 1000 kvm med sk\u00f8nne m\u00f8bler. Ring eller mail s\u00e5 hj\u00e6lper vi dig.\n0046 40 13 99 11.<\/p>\n<\/div>","protected":false},"excerpt":{"rendered":"<p>En stol med samme herlige komfort, som resten af Euforia familien.<\/p>","protected":false},"featured_media":1292,"comment_status":"open","ping_status":"closed","template":"","meta":{"_acf_changed":false},"product_brand":[],"product_cat":[44,34],"product_tag":[226],"class_list":{"0":"post-1289","1":"product","2":"type-product","3":"status-publish","4":"has-post-thumbnail","6":"product_cat-fatoljer","7":"product_cat-huvudkategori-soffor","8":"product_tag-euforia","9":"product_shipping_class-stora-mobler","11":"first","12":"onbackorder","13":"taxable","14":"shipping-taxable","15":"purchasable","16":"product-type-variable","17":"has-default-attributes"},"acf":[],"_links":{"self":[{"href":"https:\/\/www.sofforsangar.se\/dk\/wp-json\/wp\/v2\/product\/1289","targetHints":{"allow":["GET"]}}],"collection":[{"href":"https:\/\/www.sofforsangar.se\/dk\/wp-json\/wp\/v2\/product"}],"about":[{"href":"https:\/\/www.sofforsangar.se\/dk\/wp-json\/wp\/v2\/types\/product"}],"replies":[{"embeddable":true,"href":"https:\/\/www.sofforsangar.se\/dk\/wp-json\/wp\/v2\/comments?post=1289"}],"wp:featuredmedia":[{"embeddable":true,"href":"https:\/\/www.sofforsangar.se\/dk\/wp-json\/wp\/v2\/media\/1292"}],"wp:attachment":[{"href":"https:\/\/www.sofforsangar.se\/dk\/wp-json\/wp\/v2\/media?parent=1289"}],"wp:term":[{"taxonomy":"product_brand","embeddable":true,"href":"https:\/\/www.sofforsangar.se\/dk\/wp-json\/wp\/v2\/product_brand?post=1289"},{"taxonomy":"product_cat","embeddable":true,"href":"https:\/\/www.sofforsangar.se\/dk\/wp-json\/wp\/v2\/product_cat?post=1289"},{"taxonomy":"product_tag","embeddable":true,"href":"https:\/\/www.sofforsangar.se\/dk\/wp-json\/wp\/v2\/product_tag?post=1289"}],"curies":[{"name":"wp","href":"https:\/\/api.w.org\/{rel}","templated":true}]}}