{"id":115,"date":"2022-08-17T16:02:48","date_gmt":"2022-08-17T14:02:48","guid":{"rendered":"http:\/\/admin"},"modified":"2024-11-11T15:12:07","modified_gmt":"2024-11-11T13:12:07","slug":"atlanta-fatolj-med-nitar","status":"publish","type":"product","link":"https:\/\/www.sofforsangar.se\/dk\/vare\/atlanta-fatolj-med-nitar\/","title":{"rendered":"Atlanta l\u00e6nestol"},"content":{"rendered":"<p>Atlanta er en model, der udstr\u00e5ler volumen, stolen er sk\u00f8n og g\u00f8r sig helt fantastisk i l\u00e6kker bl\u00f8d velour.<\/p>\n<p>Leveringstid: 8-10 uger<\/p>\n<p><strong>M\u00e5l<br \/>\n<\/strong>B: 120 cm<br \/>\nD: 97 cm<br \/>\nH: 88 cm<br \/>\nSide h\u00f8jde: 50 cm<br \/>\nSide dybde: 57 cm<br \/>\nBen: 8 cm<br \/>\nM\u00e5lene kan variere op til 3 cm<\/p>\n<p><strong>Materiale og farve:<\/strong><strong>:<br \/>\n<\/strong>Lysegr\u00e5 velour\nMartindale: 100 000\nPilling: 5\nVi anbefaler kemisk rensning<\/p>\n<p><strong>Lidt fakta:<br \/>\n<\/strong>Side hynderner er i koldskum, og aftagbart betr\u00e6k.<br \/>\n&#8211; ryggdyna: Fiberfill, v\u00e4ndbar ryggdyna, avtagbar och tv\u00e4ttbar kl\u00e4dsel.<br \/>\nNitter: Sofaen kan f\u00e5es med nitter i messing, s\u00f8lv eller helt uden.<br \/>\nRammen er i tr\u00e6 og sp\u00e5nplade.<br \/>\nBen: M\u00f8rkt tr\u00e6 eller Eg.<br \/>\nkommer i 1 kolli og benene skrues p\u00e5 uden brug af v\u00e6rkt\u00f8j.<\/p>\n<p><strong>Tips &amp; r\u00e5d<\/strong><br \/>\nVi anbefaler at tilk\u00f8be vores plejeserie. <a href=\"https:\/\/www.sofforsangar.se\/dk\/vare\/textilvard-textile-clean-protect\/\">Plejeserie <\/a>for en l\u00e6nger levetid.<\/p>\n<h3>Fandt du ikke lige det du s\u00f8gte.<\/h3>\n<p>Vores butik i centrale Malm\u00f8, byder p\u00e5 masser af inspiration. Her har vi 1000 kvm med sk\u00f8nne m\u00f8bler. Ring eller mail s\u00e5 hj\u00e6lper vi dig.\n0046 40 13 99 11.<\/p>","protected":false},"excerpt":{"rendered":"<p>Bl\u00f8d velour<\/p>","protected":false},"featured_media":132,"comment_status":"closed","ping_status":"closed","template":"","meta":{"_acf_changed":false},"product_brand":[],"product_cat":[44,34],"product_tag":[],"class_list":{"0":"post-115","1":"product","2":"type-product","3":"status-publish","4":"has-post-thumbnail","6":"product_cat-fatoljer","7":"product_cat-huvudkategori-soffor","8":"product_shipping_class-stora-mobler","10":"first","11":"onbackorder","12":"taxable","13":"shipping-taxable","14":"purchasable","15":"product-type-simple"},"acf":[],"_links":{"self":[{"href":"https:\/\/www.sofforsangar.se\/dk\/wp-json\/wp\/v2\/product\/115","targetHints":{"allow":["GET"]}}],"collection":[{"href":"https:\/\/www.sofforsangar.se\/dk\/wp-json\/wp\/v2\/product"}],"about":[{"href":"https:\/\/www.sofforsangar.se\/dk\/wp-json\/wp\/v2\/types\/product"}],"replies":[{"embeddable":true,"href":"https:\/\/www.sofforsangar.se\/dk\/wp-json\/wp\/v2\/comments?post=115"}],"wp:featuredmedia":[{"embeddable":true,"href":"https:\/\/www.sofforsangar.se\/dk\/wp-json\/wp\/v2\/media\/132"}],"wp:attachment":[{"href":"https:\/\/www.sofforsangar.se\/dk\/wp-json\/wp\/v2\/media?parent=115"}],"wp:term":[{"taxonomy":"product_brand","embeddable":true,"href":"https:\/\/www.sofforsangar.se\/dk\/wp-json\/wp\/v2\/product_brand?post=115"},{"taxonomy":"product_cat","embeddable":true,"href":"https:\/\/www.sofforsangar.se\/dk\/wp-json\/wp\/v2\/product_cat?post=115"},{"taxonomy":"product_tag","embeddable":true,"href":"https:\/\/www.sofforsangar.se\/dk\/wp-json\/wp\/v2\/product_tag?post=115"}],"curies":[{"name":"wp","href":"https:\/\/api.w.org\/{rel}","templated":true}]}}