{"id":114,"date":"2022-08-17T16:02:48","date_gmt":"2022-08-17T14:02:48","guid":{"rendered":"http:\/\/admin"},"modified":"2025-05-25T12:22:11","modified_gmt":"2025-05-25T10:22:11","slug":"chester-fatolj","status":"publish","type":"product","link":"https:\/\/www.sofforsangar.se\/dk\/vare\/chester-fatolj\/","title":{"rendered":"Chester l\u00e6nestol"},"content":{"rendered":"<p>Chester er en super sk\u00f8n l\u00e6nestol, med en fantastisk siddekomfort . Stolen har et flot nordisk design, kombineret med god st\u00f8tte i hele ryggen.\nI denne stol glemmer man tiden, og kan sidde i lange samtaler til lang ud p\u00e5 natten.<\/p>\n<p>Leveranstid: ca 8 veckor<\/p>\n<p><strong>M\u00e5l\/v\u00e6gt<br \/>\n<\/strong>B: 76 cm<br \/>\nD: 90 cm<br \/>\nH:  90 cm<br \/>\nSide h\u00f8jde: 43 cm<br \/>\nSide dybde: 52 cm<br \/>\nBen: 24 cm<br \/>\nM\u00e5lene kan variere op til 3 cm<br \/>\nV\u00e6gt 30 kg<\/p>\n<p><strong>Materiale og farve:<\/strong><strong>:<br \/>\n<\/strong>Chameleon d\u00e6mpet orange. (pr gr 5)\n100 % polyester   Martindale: 60.000\nPilling: 4-5   \nMaskinvask 30 grader.<\/p>\n<p>Chester l\u00e6nestol f\u00e5es i et v\u00e6ld af farver.<\/p>\n<p><strong>Lidt fakta:<br \/>\n<\/strong>Produceres af Bellus.<br \/>\nSide hynder: ERX skum, fibervat.<br \/>\nRyghynder: Polyester fiber<br \/>\nMassiv tr\u00e6 konstruktion.<br \/>\nBen: Chester ben i sort metal.<\/p>\n<p><strong>Tips &amp; r\u00e5d<\/strong><br \/>\nKommer i 1 kolli monteret og klar.<\/p>\n<p>Vi anbefaler at tilk\u00f8be vores plejeserie. <a href=\"https:\/\/www.sofforsangar.se\/dk\/vare\/textilvard-textile-clean-protect\/\">Plejeserie<\/a> eller <a href=\"https:\/\/www.sofforsangar.se\/dk\/vare\/skinnvard-leather-clean-protect\/\">skinnv\u00e5rd<\/a> for en l\u00e6nger levetid.<\/p>\n<h3>Fandt du ikke lige det du s\u00f8gte.<\/h3>\n<p>Vores butik i centrale Malm\u00f8, byder p\u00e5 masser af inspiration. Her har vi 1000 kvm med sk\u00f8nne m\u00f8bler. Ring eller mail s\u00e5 hj\u00e6lper vi dig.\n0046 40 13 99 11.<\/p>","protected":false},"excerpt":{"rendered":"<p>Total afslapning i en sk\u00f8n og stilren l\u00e6nestol.<\/p>","protected":false},"featured_media":133,"comment_status":"closed","ping_status":"closed","template":"","meta":{"_acf_changed":false},"product_brand":[],"product_cat":[44,34],"product_tag":[],"class_list":{"0":"post-114","1":"product","2":"type-product","3":"status-publish","4":"has-post-thumbnail","6":"product_cat-fatoljer","7":"product_cat-huvudkategori-soffor","8":"product_shipping_class-stora-mobler","10":"first","11":"onbackorder","12":"taxable","13":"shipping-taxable","14":"purchasable","15":"product-type-simple"},"acf":[],"_links":{"self":[{"href":"https:\/\/www.sofforsangar.se\/dk\/wp-json\/wp\/v2\/product\/114","targetHints":{"allow":["GET"]}}],"collection":[{"href":"https:\/\/www.sofforsangar.se\/dk\/wp-json\/wp\/v2\/product"}],"about":[{"href":"https:\/\/www.sofforsangar.se\/dk\/wp-json\/wp\/v2\/types\/product"}],"replies":[{"embeddable":true,"href":"https:\/\/www.sofforsangar.se\/dk\/wp-json\/wp\/v2\/comments?post=114"}],"wp:featuredmedia":[{"embeddable":true,"href":"https:\/\/www.sofforsangar.se\/dk\/wp-json\/wp\/v2\/media\/133"}],"wp:attachment":[{"href":"https:\/\/www.sofforsangar.se\/dk\/wp-json\/wp\/v2\/media?parent=114"}],"wp:term":[{"taxonomy":"product_brand","embeddable":true,"href":"https:\/\/www.sofforsangar.se\/dk\/wp-json\/wp\/v2\/product_brand?post=114"},{"taxonomy":"product_cat","embeddable":true,"href":"https:\/\/www.sofforsangar.se\/dk\/wp-json\/wp\/v2\/product_cat?post=114"},{"taxonomy":"product_tag","embeddable":true,"href":"https:\/\/www.sofforsangar.se\/dk\/wp-json\/wp\/v2\/product_tag?post=114"}],"curies":[{"name":"wp","href":"https:\/\/api.w.org\/{rel}","templated":true}]}}