{"id":108,"date":"2022-08-17T16:02:48","date_gmt":"2022-08-17T14:02:48","guid":{"rendered":"http:\/\/admin"},"modified":"2023-02-20T15:52:33","modified_gmt":"2023-02-20T13:52:33","slug":"skinnvard-leather-clean-protect","status":"publish","type":"product","link":"https:\/\/www.sofforsangar.se\/dk\/vare\/skinnvard-leather-clean-protect\/","title":{"rendered":"L\u00e6der pleje- Leather clean &amp; protect."},"content":{"rendered":"<p>N\u00e5r du har f\u00e5et hjem din nye l\u00e6der sofa, h\u00e5ber vi den kommer at holde l\u00e6nge. \nDenne plejeserie best\u00e5r af 2 produkter.\nVores patenterede reng\u00f8rings v\u00e6ske, til n\u00e6nsom reng\u00f8ring. \nSamt en pleje creme til beskyttelse af l\u00e6deret. vi anbefaler at sm\u00f8re in m\u00f8blerne 2-4 gange om \u00e5ret.<\/p>\n<p>Levering: 2 dage<\/p>\n<p><strong>Indhold:<\/strong><br \/>\nPleje creme (Leather Protection Cream)<br \/>\n250 ml Reng\u00f8ring ( Soft Cleaner)<br \/>\nSvamp samt microfiber klud.<br \/>\nPletfjernings guide.<\/p>\n<h3><b>Brugsanvisning<\/b><\/h3>\n<p>Pletfjernings Guide<\/p>","protected":false},"excerpt":{"rendered":"<p>N\u00e4r du nu f\u00e5tt hem din efterl\u00e4ngtade skinnm\u00f6bel s\u00e5 vill vi hj\u00e4lpa dig att ta hand om den s\u00e5 livsl\u00e4ngden blir s\u00e5 l\u00e5ng det bara g\u00e5r.\u00a0En v\u00e4l v\u00e4rd investering! (Anv\u00e4nd ej till mocka\/nubuck\/bycast).\u00a0Detta M\u00f6belv\u00e5rdskit inneh\u00e5ller 2 st produkter &#8211; f\u00f6rebyggande effektiv skyddskr\u00e4m som anv\u00e4nds p\u00e5 nytt eller v\u00e4l rengjort skinn. Kr\u00e4men ger en \u00f6kad t\u00e5lighet [&hellip;]<\/p>\n","protected":false},"featured_media":120,"comment_status":"closed","ping_status":"closed","template":"","meta":{"_acf_changed":false},"product_brand":[],"product_cat":[27],"product_tag":[],"class_list":{"0":"post-108","1":"product","2":"type-product","3":"status-publish","4":"has-post-thumbnail","6":"product_cat-mobelvard","7":"product_shipping_class-hamta-pa-utlamningsstalle","9":"first","10":"instock","11":"taxable","12":"shipping-taxable","13":"purchasable","14":"product-type-simple"},"acf":[],"_links":{"self":[{"href":"https:\/\/www.sofforsangar.se\/dk\/wp-json\/wp\/v2\/product\/108","targetHints":{"allow":["GET"]}}],"collection":[{"href":"https:\/\/www.sofforsangar.se\/dk\/wp-json\/wp\/v2\/product"}],"about":[{"href":"https:\/\/www.sofforsangar.se\/dk\/wp-json\/wp\/v2\/types\/product"}],"replies":[{"embeddable":true,"href":"https:\/\/www.sofforsangar.se\/dk\/wp-json\/wp\/v2\/comments?post=108"}],"wp:featuredmedia":[{"embeddable":true,"href":"https:\/\/www.sofforsangar.se\/dk\/wp-json\/wp\/v2\/media\/120"}],"wp:attachment":[{"href":"https:\/\/www.sofforsangar.se\/dk\/wp-json\/wp\/v2\/media?parent=108"}],"wp:term":[{"taxonomy":"product_brand","embeddable":true,"href":"https:\/\/www.sofforsangar.se\/dk\/wp-json\/wp\/v2\/product_brand?post=108"},{"taxonomy":"product_cat","embeddable":true,"href":"https:\/\/www.sofforsangar.se\/dk\/wp-json\/wp\/v2\/product_cat?post=108"},{"taxonomy":"product_tag","embeddable":true,"href":"https:\/\/www.sofforsangar.se\/dk\/wp-json\/wp\/v2\/product_tag?post=108"}],"curies":[{"name":"wp","href":"https:\/\/api.w.org\/{rel}","templated":true}]}}