{"id":107,"date":"2022-08-17T16:02:48","date_gmt":"2022-08-17T14:02:48","guid":{"rendered":"http:\/\/admin"},"modified":"2023-02-20T15:49:09","modified_gmt":"2023-02-20T13:49:09","slug":"textilvard-textile-clean-protect","status":"publish","type":"product","link":"https:\/\/www.sofforsangar.se\/dk\/vare\/textilvard-textile-clean-protect\/","title":{"rendered":"Plejeserie Textile"},"content":{"rendered":"<p>Pas godt p\u00e5 dine m\u00f8bler, vi anbefaler at du anvender denne Textile Protection.\nS\u00e6ttet best\u00e5r af 2 produkter, en effektiv reng\u00f8rings mousse, for at friske op betr\u00e6kket.\n\nSamt en pletfjerner, til at fjerne eventuelle pletter.<\/p>\n<p>Levering: 2 dage<\/p>\n<h3>Indhold:<\/h3>\n<p>400 ml impregnering. (Textile Protection)<br \/>\n400 ml Skumreng\u00f8ring (Textile Cleaner)<br \/>\nSvamp samt microfiber klud.<br \/>\nPletfjernings guide.<\/p>\n<h3>Brugsanvisning<\/h3>\n<p>Pletfjernings Guide<\/p>","protected":false},"excerpt":{"rendered":"<p>Ta hand om din m\u00f6bel p\u00e5 b\u00e4sta s\u00e4tt genom att skydda, v\u00e5rda och bevara dina textilm\u00f6bler p\u00e5 b\u00e4sta s\u00e4tt. Detta paket M\u00f6belv\u00e5rd inneh\u00e5ller 2 st produkter &#8211; f\u00f6rebyggande impregneringsspray + effektiv reng\u00f6ringsmousse f\u00f6r regelbunden uppfr\u00e4schning eller om olyckan h\u00e4nder. En v\u00e4l v\u00e4rd investering till dina nya m\u00f6bler. Leverans: Finns i lager Inneh\u00e5ll 400 ml Textilimpregnering [&hellip;]<\/p>\n","protected":false},"featured_media":119,"comment_status":"closed","ping_status":"closed","template":"","meta":{"_acf_changed":false},"product_brand":[],"product_cat":[27],"product_tag":[],"class_list":{"0":"post-107","1":"product","2":"type-product","3":"status-publish","4":"has-post-thumbnail","6":"product_cat-mobelvard","7":"product_shipping_class-hamta-pa-utlamningsstalle","9":"first","10":"instock","11":"taxable","12":"shipping-taxable","13":"purchasable","14":"product-type-simple"},"acf":[],"_links":{"self":[{"href":"https:\/\/www.sofforsangar.se\/dk\/wp-json\/wp\/v2\/product\/107","targetHints":{"allow":["GET"]}}],"collection":[{"href":"https:\/\/www.sofforsangar.se\/dk\/wp-json\/wp\/v2\/product"}],"about":[{"href":"https:\/\/www.sofforsangar.se\/dk\/wp-json\/wp\/v2\/types\/product"}],"replies":[{"embeddable":true,"href":"https:\/\/www.sofforsangar.se\/dk\/wp-json\/wp\/v2\/comments?post=107"}],"wp:featuredmedia":[{"embeddable":true,"href":"https:\/\/www.sofforsangar.se\/dk\/wp-json\/wp\/v2\/media\/119"}],"wp:attachment":[{"href":"https:\/\/www.sofforsangar.se\/dk\/wp-json\/wp\/v2\/media?parent=107"}],"wp:term":[{"taxonomy":"product_brand","embeddable":true,"href":"https:\/\/www.sofforsangar.se\/dk\/wp-json\/wp\/v2\/product_brand?post=107"},{"taxonomy":"product_cat","embeddable":true,"href":"https:\/\/www.sofforsangar.se\/dk\/wp-json\/wp\/v2\/product_cat?post=107"},{"taxonomy":"product_tag","embeddable":true,"href":"https:\/\/www.sofforsangar.se\/dk\/wp-json\/wp\/v2\/product_tag?post=107"}],"curies":[{"name":"wp","href":"https:\/\/api.w.org\/{rel}","templated":true}]}}