{"id":106,"date":"2022-08-17T16:02:48","date_gmt":"2022-08-17T14:02:48","guid":{"rendered":"http:\/\/admin"},"modified":"2024-11-11T15:04:34","modified_gmt":"2024-11-11T13:04:34","slug":"atlanta-4-sitssoffa","status":"publish","type":"product","link":"https:\/\/www.sofforsangar.se\/dk\/vare\/atlanta-4-sitssoffa\/","title":{"rendered":"Atlanta 4 personers."},"content":{"rendered":"<p>Atlanta er en sofa, der udstr\u00e5ler volumen, sofaen er sk\u00f8n og g\u00f8r sig helt fantastisk i l\u00e6kker bl\u00f8d velour. Der er mulighed for at v\u00e6lge blandt 2 ryghynder. Cozy er l\u00f8se ryghynder som giver et lidt lazy look. Eller Design som giver et mere stilrent look. Der findes mange forskellige kombinationer.<\/p>\n<h3><strong>M\u00e5l<\/strong><\/h3>\n<p>B: 296<br \/>\nD: 97 cm<br \/>\nH: 88 cm<br \/>\nSide h\u00f8jde: 50 cm<br \/>\nSide dybde: 57 cm<br \/>\nBen: 8 cm<br \/>\nM\u00e5lene kan variere op til 3 cm<\/p>\n<h3><strong>Materiale og farve:<\/strong><strong>:<\/strong><\/h3>\n<p>Lysegr\u00e5 Velour\nMartindale: 100000\npilling: 5\nAnbefaler kemisk rensning.<\/p>\n<h3><strong>Lidt fakta:<\/strong><\/h3>\n<p>Side hynderner er i koldskum, og aftagbart betr\u00e6k.<br \/>\nRyghynderne er fiberfill.<br \/>\nNitter: Sofaen kan f\u00e5es med nitter i messing, s\u00f8lv eller helt uden.<br \/>\nRammen: Tr\u00e6, sp\u00e5nplade.<br \/>\nBen: M\u00f8rkt tr\u00e6 eller Eg.<br \/>\nSofaen kommer i 2 kolli, og s\u00e6ttes let sammen uden brug af v\u00e6rkt\u00f8j.<\/p>\n<h3>Tips<\/h3>\n<p>Vi anbefaler at tilk\u00f8be vores plejeserie. <a href=\"https:\/\/www.sofforsangar.se\/dk\/vare\/textilvard-textile-clean-protect\/\">Plejeserie<\/a> for en l\u00e6nger levetid.<\/p>\n<h3>Fandt du ikke lige det du s\u00f8gte.<\/h3>\n<p>Vores butik i centrale Malm\u00f8, byder p\u00e5 masser af inspiration. Her har vi 1000 kvm med sk\u00f8nne m\u00f8bler. Ring eller mail s\u00e5 hj\u00e6lper vi dig.\n0046 40 13 99 11.<\/p>","protected":false},"excerpt":{"rendered":"<p>Atlanta \u00e4r soffan som familjen och v\u00e4nnerna kommer samlas kring varp\u00e5 den kommer utg\u00f6ra medelpunkten i ditt hem. Soffan \u00e4r mjuk i stilen och\u00a0inbjudande med sk\u00f6na ryggdynor som kan regleras efter tycke och smak. Atlanta finns i flertalet olika modeller varp\u00e5 man kan kombinera ihop sin soffgrupp efter behov. I denna helt underbara soffa vill [&hellip;]<\/p>\n","protected":false},"featured_media":126,"comment_status":"closed","ping_status":"closed","template":"","meta":{"_acf_changed":false},"product_brand":[],"product_cat":[31,33,34],"product_tag":[],"class_list":{"0":"post-106","1":"product","2":"type-product","3":"status-publish","4":"has-post-thumbnail","6":"product_cat-2-4-sitssoffa","7":"product_cat-sammetssoffa","8":"product_cat-huvudkategori-soffor","9":"product_shipping_class-stora-mobler","11":"first","12":"instock","13":"taxable","14":"shipping-taxable","15":"purchasable","16":"product-type-simple"},"acf":[],"_links":{"self":[{"href":"https:\/\/www.sofforsangar.se\/dk\/wp-json\/wp\/v2\/product\/106","targetHints":{"allow":["GET"]}}],"collection":[{"href":"https:\/\/www.sofforsangar.se\/dk\/wp-json\/wp\/v2\/product"}],"about":[{"href":"https:\/\/www.sofforsangar.se\/dk\/wp-json\/wp\/v2\/types\/product"}],"replies":[{"embeddable":true,"href":"https:\/\/www.sofforsangar.se\/dk\/wp-json\/wp\/v2\/comments?post=106"}],"wp:featuredmedia":[{"embeddable":true,"href":"https:\/\/www.sofforsangar.se\/dk\/wp-json\/wp\/v2\/media\/126"}],"wp:attachment":[{"href":"https:\/\/www.sofforsangar.se\/dk\/wp-json\/wp\/v2\/media?parent=106"}],"wp:term":[{"taxonomy":"product_brand","embeddable":true,"href":"https:\/\/www.sofforsangar.se\/dk\/wp-json\/wp\/v2\/product_brand?post=106"},{"taxonomy":"product_cat","embeddable":true,"href":"https:\/\/www.sofforsangar.se\/dk\/wp-json\/wp\/v2\/product_cat?post=106"},{"taxonomy":"product_tag","embeddable":true,"href":"https:\/\/www.sofforsangar.se\/dk\/wp-json\/wp\/v2\/product_tag?post=106"}],"curies":[{"name":"wp","href":"https:\/\/api.w.org\/{rel}","templated":true}]}}