{"id":105,"date":"2022-08-17T16:02:47","date_gmt":"2022-08-17T14:02:47","guid":{"rendered":"http:\/\/admin"},"modified":"2025-05-21T22:51:41","modified_gmt":"2025-05-21T20:51:41","slug":"gustavo-4-sits-divansoffa","status":"publish","type":"product","link":"https:\/\/www.sofforsangar.se\/dk\/vare\/gustavo-4-sits-divansoffa\/","title":{"rendered":"Gustavo Lounge XL"},"content":{"rendered":"<p>Hvis du dr\u00f8mmer om en rigtig stor lounge sofa , er Gustavo sikkert den sofa du s\u00f8ger. \nGustavo er med sin komfort i Pocket fjeder og Memory skum, en sofa man bare dr\u00f8mmer om at komme hjem til.<\/p>\n<p>Leveringstid: 8-10 uger<\/p>\n<h3>Lidt fakta:<\/h3>\n<p>Gustavo produceres af BELLUS<br \/>\nBellus er specialiseret i sidekomfort, Gustavo er produceret med posefjeder og memoryfoam, precis som i en seng.<br \/>\nPyntepuder:<br \/>\nRammen p\u00e5 sofaen er massiv tr\u00e6, og Nozag fjeder.<br \/>\n<span style=\"font-size: 16px;\">Benene er som standart 3 cm tr\u00e6.<\/span><\/p>\n<h3>M\u00e5l\/v\u00e6gt<\/h3>\n<p>B: 350 cm<br \/>\nD: 100 cm<br \/>\nH: 91 cm<br \/>\nDybde: 168 cm<br \/>\nSide h\u00f8jde: 43 cm<br \/>\nSide dybde: 60 cm<br \/>\nBen: 3 cm<br \/>\nM\u00e5lene kan variere op til 3 cm<br \/>\nVikt inkl emballage 141 kg<\/p>\n<h3>Stoffer og farver<\/h3>\n<p>Juke Dark Grey l\u00e6kkert velour  (pris gruppe 5)\n100 % polyester\nMartindale: 100,000\nPeeling: 5\nLys\u00e6gthed: 4-5\n\nAnbefalet : kemisk rensning\n\nJuke er et super smukt velour stof, med en h\u00f8j slidstyrke.<\/p>\n<h3>Tips:<\/h3>\n<p>Gustavo kommer i 2 kolli, og klikkes let sammen uden brug af v\u00e6rkt\u00f8j.<\/p>\n<p>Vi anbefaler at tilk\u00f8be vores plejeserie. <a href=\"https:\/\/www.sofforsangar.se\/dk\/vare\/textilvard-textile-clean-protect\/\">Plejeserie<\/a> for en l\u00e6nger levetid.<\/p>\n<h3>Fandt du ikke lige det du s\u00f8gte.<\/h3>\n<p>Vores butik i centrale Malm\u00f8, byder p\u00e5 masser af inspiration. Her har vi 1000 kvm med sk\u00f8nne m\u00f8bler. Ring eller mail s\u00e5 hj\u00e6lper vi dig.\n0046 40 13 99 11.<\/p>","protected":false},"excerpt":{"rendered":"<p>Gustavo Divansoffa \u00e4r en lyxig, stor och imponerande soffa i\u00a0h\u00e4rlig loungestil. Dom tjocka och h\u00e4rliga ryggkuddarna s\u00e5v\u00e4l som den extra breda divanen f\u00f6r tv\u00e5 inbjuder till sk\u00f6nt soffh\u00e4ng.\u00a0Med h\u00f6g komfortgrad\u00a0och i lent\u00a0sammetstyg kommer denna soffa utg\u00f6ra den sj\u00e4lvklara medelpunkten i ditt hem. Leveranstid: 8-10 veckor Produktfakta &#8211;\u00a0 Gustavo \u00e4r tillverkad av Bellus. &#8211;\u00a0 Sitsar: pocketfj\u00e4drar,\u00a0Cloud-plus-system [&hellip;]<\/p>\n","protected":false},"featured_media":125,"comment_status":"closed","ping_status":"closed","template":"","meta":{"_acf_changed":false},"product_brand":[],"product_cat":[35,32,33,34],"product_tag":[],"class_list":{"0":"post-105","1":"product","2":"type-product","3":"status-publish","4":"has-post-thumbnail","6":"product_cat-divan-schaslongsoffa","7":"product_cat-djup-soffa","8":"product_cat-sammetssoffa","9":"product_cat-huvudkategori-soffor","10":"product_shipping_class-stora-mobler","12":"first","13":"onbackorder","14":"sale","15":"taxable","16":"shipping-taxable","17":"purchasable","18":"product-type-variable","19":"has-default-attributes"},"acf":[],"_links":{"self":[{"href":"https:\/\/www.sofforsangar.se\/dk\/wp-json\/wp\/v2\/product\/105","targetHints":{"allow":["GET"]}}],"collection":[{"href":"https:\/\/www.sofforsangar.se\/dk\/wp-json\/wp\/v2\/product"}],"about":[{"href":"https:\/\/www.sofforsangar.se\/dk\/wp-json\/wp\/v2\/types\/product"}],"replies":[{"embeddable":true,"href":"https:\/\/www.sofforsangar.se\/dk\/wp-json\/wp\/v2\/comments?post=105"}],"wp:featuredmedia":[{"embeddable":true,"href":"https:\/\/www.sofforsangar.se\/dk\/wp-json\/wp\/v2\/media\/125"}],"wp:attachment":[{"href":"https:\/\/www.sofforsangar.se\/dk\/wp-json\/wp\/v2\/media?parent=105"}],"wp:term":[{"taxonomy":"product_brand","embeddable":true,"href":"https:\/\/www.sofforsangar.se\/dk\/wp-json\/wp\/v2\/product_brand?post=105"},{"taxonomy":"product_cat","embeddable":true,"href":"https:\/\/www.sofforsangar.se\/dk\/wp-json\/wp\/v2\/product_cat?post=105"},{"taxonomy":"product_tag","embeddable":true,"href":"https:\/\/www.sofforsangar.se\/dk\/wp-json\/wp\/v2\/product_tag?post=105"}],"curies":[{"name":"wp","href":"https:\/\/api.w.org\/{rel}","templated":true}]}}