{"id":10476,"date":"2026-04-25T21:33:05","date_gmt":"2026-04-25T19:33:05","guid":{"rendered":"https:\/\/www.sofforsangar.se\/?post_type=product&#038;p=10476"},"modified":"2026-04-25T23:38:35","modified_gmt":"2026-04-25T21:38:35","slug":"mattvard-textilvard-dry-shampoo","status":"publish","type":"product","link":"https:\/\/www.sofforsangar.se\/dk\/vare\/mattvard-textilvard-dry-shampoo\/","title":{"rendered":"Mattv\u00e5rd Textilv\u00e5rd &#8211; Dry Shampoo"},"content":{"rendered":"<p>Textile Dry Shampoo \u00e4r ett milt torrschampo f\u00f6r textilier, framtaget f\u00f6r att reng\u00f6ra mattor, stoppade m\u00f6bler samt k\u00e4nsliga material som silke och ull. Det passar s\u00e4rskilt bra f\u00f6r textilier som inte klarar av vattentv\u00e4tt. Formulan arbetar p\u00e5 djupet i fibrerna d\u00e4r den kapslar in smuts, som sedan enkelt kan avl\u00e4gsnas med dammsugare. Produkten har en fr\u00e4sch doft och l\u00e4mnar inga klibbiga rester och bidrar till att textilierna k\u00e4nns fr\u00e4scha under en l\u00e4ngre tid.<\/p>\n<h3>Indhold:<\/h3>\n<p>500 g<\/p>\n<p>R\u00e4cker till 10-20 m2.<\/p>\n<p>Inneh\u00e5ller: 1-propanaminium, 3-amino-N-(karboximetyl)-N,N-dimetyl-, N-C8-18 (j\u00e4mnt numrerade) acylderivat, hydroxider, inre salter. M\u00e4rkning enligt f\u00f6rordning (EG) nr 648\/2004 &lt; 5% amfot\u00e4ra tensider, parfym. F\u00f6rvaras o\u00e5tkomligt f\u00f6r barn.<\/p>\n<h3>Brugsanvisning<\/h3>\n<p data-start=\"0\" data-end=\"361\">1. Dammsug textilierna ordentligt f\u00f6re behandling f\u00f6r att f\u00e5 bort l\u00f6st smuts och damm.<br data-start=\"83\" data-end=\"86\" \/>2. F\u00f6rdela torrschampot j\u00e4mnt \u00f6ver ytan och arbeta in pulvret i mattan eller tyget med en torr borste eller en frott\u00e9handduk.<br data-start=\"208\" data-end=\"211\" \/>3. L\u00e5t verka i 20\u201350 minuter, beroende p\u00e5 hur smutsigt materialet \u00e4r.<br data-start=\"277\" data-end=\"280\" \/>4. Avsluta med att dammsuga noggrant. Upprepa vid behov p\u00e5 extra smutsiga omr\u00e5den.<\/p>\n<p data-start=\"363\" data-end=\"545\" data-is-last-node=\"\" data-is-only-node=\"\">Observera: Anv\u00e4nd endast p\u00e5 f\u00e4rg\u00e4kta textilier. Testa alltid p\u00e5 en mindre synlig yta f\u00f6rst f\u00f6r att kontrollera f\u00e4rgbest\u00e4ndigheten. Produkten b\u00f6r anv\u00e4ndas inom 4 veckor efter \u00f6ppning.<\/p>","protected":false},"excerpt":{"rendered":"<h3>Torrschampo f\u00f6r Textilier och K\u00e4nsliga Mattor<\/h3>","protected":false},"featured_media":10478,"comment_status":"closed","ping_status":"closed","template":"","meta":{"_acf_changed":false},"product_brand":[],"product_cat":[27],"product_tag":[],"class_list":{"0":"post-10476","1":"product","2":"type-product","3":"status-publish","4":"has-post-thumbnail","6":"product_cat-mobelvard","7":"product_shipping_class-hamta-pa-utlamningsstalle","9":"first","10":"instock","11":"taxable","12":"shipping-taxable","13":"purchasable","14":"product-type-simple"},"acf":[],"_links":{"self":[{"href":"https:\/\/www.sofforsangar.se\/dk\/wp-json\/wp\/v2\/product\/10476","targetHints":{"allow":["GET"]}}],"collection":[{"href":"https:\/\/www.sofforsangar.se\/dk\/wp-json\/wp\/v2\/product"}],"about":[{"href":"https:\/\/www.sofforsangar.se\/dk\/wp-json\/wp\/v2\/types\/product"}],"replies":[{"embeddable":true,"href":"https:\/\/www.sofforsangar.se\/dk\/wp-json\/wp\/v2\/comments?post=10476"}],"wp:featuredmedia":[{"embeddable":true,"href":"https:\/\/www.sofforsangar.se\/dk\/wp-json\/wp\/v2\/media\/10478"}],"wp:attachment":[{"href":"https:\/\/www.sofforsangar.se\/dk\/wp-json\/wp\/v2\/media?parent=10476"}],"wp:term":[{"taxonomy":"product_brand","embeddable":true,"href":"https:\/\/www.sofforsangar.se\/dk\/wp-json\/wp\/v2\/product_brand?post=10476"},{"taxonomy":"product_cat","embeddable":true,"href":"https:\/\/www.sofforsangar.se\/dk\/wp-json\/wp\/v2\/product_cat?post=10476"},{"taxonomy":"product_tag","embeddable":true,"href":"https:\/\/www.sofforsangar.se\/dk\/wp-json\/wp\/v2\/product_tag?post=10476"}],"curies":[{"name":"wp","href":"https:\/\/api.w.org\/{rel}","templated":true}]}}