{"id":68,"date":"2022-08-17T16:02:44","date_gmt":"2022-08-17T14:02:44","guid":{"rendered":"http:\/\/admin"},"modified":"2026-03-12T22:50:58","modified_gmt":"2026-03-12T20:50:58","slug":"om-oss","status":"publish","type":"page","link":"https:\/\/www.sofforsangar.se\/dk\/om-oss\/","title":{"rendered":"Om os"},"content":{"rendered":"<div data-elementor-type=\"wp-page\" data-elementor-id=\"68\" class=\"elementor elementor-68\" data-elementor-post-type=\"page\">\n\t\t\t\t\t\t<section class=\"elementor-section elementor-top-section elementor-element elementor-element-712dcc86 elementor-section-boxed elementor-section-height-default elementor-section-height-default\" data-id=\"712dcc86\" data-element_type=\"section\" data-e-type=\"section\">\n\t\t\t\t\t\t<div class=\"elementor-container elementor-column-gap-default\">\n\t\t\t\t\t<div class=\"elementor-column elementor-col-100 elementor-top-column elementor-element elementor-element-47759b06\" data-id=\"47759b06\" data-element_type=\"column\" data-e-type=\"column\">\n\t\t\t<div class=\"elementor-widget-wrap elementor-element-populated\">\n\t\t\t\t\t\t<div class=\"elementor-element elementor-element-5271a077 elementor-widget elementor-widget-text-editor\" data-id=\"5271a077\" data-element_type=\"widget\" data-e-type=\"widget\" data-widget_type=\"text-editor.default\">\n\t\t\t\t<div class=\"elementor-widget-container\">\n\t\t\t\t\t\t\t\t\t<h2 class=\"wp-block-heading\">Kvalitet til dr\u00f8mmepriser<\/h2>\n<p><!-- \/wp:heading --><!-- wp:paragraph --><\/p>\n<p>Soffor &amp; S\u00e4ngar startede i Malm\u00f8 i 2013.\nVores m\u00e5ls\u00e6ttning er at kunde tilbyde vores kunder, den bedste vejledning og service.\nVi ved det kan v\u00e6re sv\u00e6rt, at finde sin dr\u00f8mmesofa, s\u00e5 vi hj\u00e6lper gerne med farver og materiale valg. \nVi vil gerne g\u00f8re det let for dig, og vi tilbyder derfor en del serviceydelser.\nLevering, Montering, og vi kan ogs\u00e5 tilbyde at medtage dine gamle m\u00f8bler, for at lette din hverdag.<\/p>\n<p><!-- \/wp:paragraph --><!-- wp:paragraph --><\/p>\n<p>Vores vision bygger p\u00e5 at k\u00f8be m\u00f8bler direkte p\u00e5 specielt udvalgte fabrikker i EU.\nOg derfor kunne tilbyde de bedste priser, til dig som slutkunde.<\/p>\n<p><!-- \/wp:paragraph --><!-- wp:heading --><\/p>\n<h2 class=\"wp-block-heading\">Valgfrihed<\/h2>\n<p><!-- \/wp:heading --><!-- wp:paragraph --><\/p>\n<p>H\u00e5ber du ogs\u00e5 elsker valgfrihed, \nVi har et k\u00e6mpe udvalg i farver og materialer,og i butikken viser vi en del m\u00f8bler i fantastiske farver.<\/p>\n<p><!-- \/wp:paragraph --><!-- wp:heading --><\/p>\n<h2 class=\"wp-block-heading\">Velkommen vi gl\u00e6der os til at hj\u00e6lpe dig.<\/h2>\n<p><!-- \/wp:heading --><!-- wp:paragraph --><\/p>\n<p>LIA Konsult&amp;Trading AB<br \/>Org nr.\u00a0559045-0671<br \/>Caroli k\u00f6pcentrum;<br \/>\u00d6stergatan 12<br \/>211 25 Malm\u00f6<\/p>\n<p><!-- \/wp:paragraph --><\/p>\t\t\t\t\t\t\t\t<\/div>\n\t\t\t\t<\/div>\n\t\t\t\t\t<\/div>\n\t\t<\/div>\n\t\t\t\t\t<\/div>\n\t\t<\/section>\n\t\t\t\t<\/div>","protected":false},"excerpt":{"rendered":"<p>Kvalitetsm\u00f6bler till b\u00e4sta priser Soffor&amp;S\u00e4ngar \u00e4r en e-handel och butikshandel som startat upp 2013. V\u00e5r m\u00e5ls\u00e4ttning \u00e4r att erbjuda v\u00e5r kunskap &amp; ha den b\u00e4sta service till v\u00e5ra kunder. Prata g\u00e4rna med oss om inredning och trender. Vi har ocks\u00e5 tj\u00e4nster s\u00e5som inb\u00e4rning, montering och emballageretur. \u00c4ven att kunna ta din gamla m\u00f6bel i retur. [&hellip;]<\/p>\n","protected":false},"author":1,"featured_media":74,"parent":0,"menu_order":0,"comment_status":"closed","ping_status":"closed","template":"","meta":{"_acf_changed":false,"footnotes":""},"class_list":["post-68","page","type-page","status-publish","has-post-thumbnail","hentry"],"acf":[],"_links":{"self":[{"href":"https:\/\/www.sofforsangar.se\/dk\/wp-json\/wp\/v2\/pages\/68","targetHints":{"allow":["GET"]}}],"collection":[{"href":"https:\/\/www.sofforsangar.se\/dk\/wp-json\/wp\/v2\/pages"}],"about":[{"href":"https:\/\/www.sofforsangar.se\/dk\/wp-json\/wp\/v2\/types\/page"}],"author":[{"embeddable":true,"href":"https:\/\/www.sofforsangar.se\/dk\/wp-json\/wp\/v2\/users\/1"}],"replies":[{"embeddable":true,"href":"https:\/\/www.sofforsangar.se\/dk\/wp-json\/wp\/v2\/comments?post=68"}],"version-history":[{"count":10,"href":"https:\/\/www.sofforsangar.se\/dk\/wp-json\/wp\/v2\/pages\/68\/revisions"}],"predecessor-version":[{"id":9789,"href":"https:\/\/www.sofforsangar.se\/dk\/wp-json\/wp\/v2\/pages\/68\/revisions\/9789"}],"wp:featuredmedia":[{"embeddable":true,"href":"https:\/\/www.sofforsangar.se\/dk\/wp-json\/wp\/v2\/media\/74"}],"wp:attachment":[{"href":"https:\/\/www.sofforsangar.se\/dk\/wp-json\/wp\/v2\/media?parent=68"}],"curies":[{"name":"wp","href":"https:\/\/api.w.org\/{rel}","templated":true}]}}